{"id":707,"date":"2023-06-24T12:49:04","date_gmt":"2023-06-24T15:49:04","guid":{"rendered":"https:\/\/www.tirofederalgchu.com\/web\/?page_id=707"},"modified":"2023-06-24T12:53:17","modified_gmt":"2023-06-24T15:53:17","slug":"pelota-paleta","status":"publish","type":"page","link":"https:\/\/www.tirofederalgchu.com\/web\/pelota-paleta\/","title":{"rendered":"Pelota Paleta"},"content":{"rendered":"\t\t<div data-elementor-type=\"wp-post\" data-elementor-id=\"707\" class=\"elementor elementor-707\" data-elementor-post-type=\"page\">\n\t\t\t\t\t\t<section class=\"elementor-section elementor-top-section elementor-element elementor-element-d7d8b56 elementor-section-boxed elementor-section-height-default elementor-section-height-default\" data-id=\"d7d8b56\" data-element_type=\"section\" data-e-type=\"section\" data-settings=\"{&quot;background_background&quot;:&quot;classic&quot;,&quot;background_motion_fx_motion_fx_scrolling&quot;:&quot;yes&quot;,&quot;background_motion_fx_translateY_effect&quot;:&quot;yes&quot;,&quot;background_motion_fx_translateY_speed&quot;:{&quot;unit&quot;:&quot;px&quot;,&quot;size&quot;:4,&quot;sizes&quot;:[]},&quot;background_motion_fx_translateY_affectedRange&quot;:{&quot;unit&quot;:&quot;%&quot;,&quot;size&quot;:&quot;&quot;,&quot;sizes&quot;:{&quot;start&quot;:0,&quot;end&quot;:100}},&quot;background_motion_fx_devices&quot;:[&quot;desktop&quot;,&quot;tablet&quot;,&quot;mobile&quot;]}\">\n\t\t\t\t\t\t\t<div class=\"elementor-background-overlay\"><\/div>\n\t\t\t\t\t\t\t<div class=\"elementor-container elementor-column-gap-default\">\n\t\t\t\t\t<div class=\"elementor-column elementor-col-100 elementor-top-column elementor-element elementor-element-fd69444\" data-id=\"fd69444\" data-element_type=\"column\" data-e-type=\"column\">\n\t\t\t<div class=\"elementor-widget-wrap elementor-element-populated\">\n\t\t\t\t\t\t<div class=\"elementor-element elementor-element-abcc2f2 elementor-widget elementor-widget-heading\" data-id=\"abcc2f2\" data-element_type=\"widget\" data-e-type=\"widget\" data-widget_type=\"heading.default\">\n\t\t\t\t<div class=\"elementor-widget-container\">\n\t\t\t\t\t<h1 class=\"elementor-heading-title elementor-size-default\">pelota paleta<\/h1>\t\t\t\t<\/div>\n\t\t\t\t<\/div>\n\t\t\t\t\t<\/div>\n\t\t<\/div>\n\t\t\t\t\t<\/div>\n\t\t<\/section>\n\t\t\t\t<section class=\"elementor-section elementor-top-section elementor-element elementor-element-5c40d7b elementor-section-boxed elementor-section-height-default elementor-section-height-default\" data-id=\"5c40d7b\" data-element_type=\"section\" data-e-type=\"section\">\n\t\t\t\t\t\t<div class=\"elementor-container elementor-column-gap-default\">\n\t\t\t\t\t<div class=\"elementor-column elementor-col-50 elementor-top-column elementor-element elementor-element-2ebbf9c\" data-id=\"2ebbf9c\" data-element_type=\"column\" data-e-type=\"column\">\n\t\t\t<div class=\"elementor-widget-wrap elementor-element-populated\">\n\t\t\t\t\t\t<div class=\"elementor-element elementor-element-fe195c7 elementor-widget elementor-widget-heading\" data-id=\"fe195c7\" data-element_type=\"widget\" data-e-type=\"widget\" data-widget_type=\"heading.default\">\n\t\t\t\t<div class=\"elementor-widget-container\">\n\t\t\t\t\t<h2 class=\"elementor-heading-title elementor-size-default\">pelota paleta<\/h2>\t\t\t\t<\/div>\n\t\t\t\t<\/div>\n\t\t\t\t<div class=\"elementor-element elementor-element-dc051dd elementor-widget-divider--view-line elementor-widget elementor-widget-divider\" data-id=\"dc051dd\" data-element_type=\"widget\" data-e-type=\"widget\" data-widget_type=\"divider.default\">\n\t\t\t\t<div class=\"elementor-widget-container\">\n\t\t\t\t\t\t\t<div class=\"elementor-divider\">\n\t\t\t<span class=\"elementor-divider-separator\">\n\t\t\t\t\t\t<\/span>\n\t\t<\/div>\n\t\t\t\t\t\t<\/div>\n\t\t\t\t<\/div>\n\t\t\t\t<div class=\"elementor-element elementor-element-e5f497e elementor-widget elementor-widget-text-editor\" data-id=\"e5f497e\" data-element_type=\"widget\" data-e-type=\"widget\" data-widget_type=\"text-editor.default\">\n\t\t\t\t<div class=\"elementor-widget-container\">\n\t\t\t\t\t\t\t\t\t<p>En 1941 se construye la cancha de Pelota Paleta, y en 1943 se inicia seriamente este deporte, con gran actividad y participando como instituci\u00f3n en numerosas fechas a nivel entrerriano y nacional, y siendo sede de torneos, de los cuales entre los m\u00e1s destacados podemos mencionar que en 2009\u00a0 se jug\u00f3 un Master con los mejores jugadores del pa\u00eds, muchos de ellos campeones mundiales, y en el 2010 se jug\u00f3 el Campeonato Argentino Superior en Trinquete, tambi\u00e9n con la presencia de campeones mundiales y parejas de primer nivel, siendo la organizaci\u00f3n totalmente del club, su comisi\u00f3n directiva y socios; recibiendo parejas de 14 provincias, las cuales se fueron muy contentas agradeciendo la organizaci\u00f3n. Se realizan torneos y exhibiciones con figuras de excelente nivel.<\/p><p>Hoy es el \u00fanico trinquete que queda en nuestra ciudad, siendo constante la actividad y pr\u00e1ctica de los socios,\u00a0 siendo orgullo de la instituci\u00f3n, contando con vestuarios con agua caliente y calefacci\u00f3n, un pasillo calefaccionado, manteni\u00e9ndose constantemente.<\/p><p>A nivel Regional y nacional es una de las disciplinas que m\u00e1s premios y reconocimientos ha obtenido.<\/p><p>El funcionamiento del trinquete es diario, sum\u00e1ndose cada vez m\u00e1s pelotaris.<\/p><p>Se realizan torneos internos en diferentes categor\u00edas y modalidades;\u00a0 se participa en Torneos Provinciales en diferentes categor\u00edas y nacionales; Torneo de Veteranos, Encuentros Regionales con gente de la Rep\u00fablica Oriental del Uruguay y provincia de Buenos Aires; los torneos y encuentros se realizan en nuestra cancha o somos invitados a otros lugares. Estamos asociados a la Federaci\u00f3n Entrerriana de Pelota Paleta.<\/p><p>Nuestros objetivos son: seguir fomentando la pr\u00e1ctica de \u00e9ste deporte, sobre todo en chicos, seguir participando como instituci\u00f3n en los torneos de todos los niveles y que cada vez m\u00e1s pelotaris nos representen y seguir como siempre mejorando las instalaciones de la cancha y sus anexos para una mejor pr\u00e1ctica.<\/p><p>Con el objetivo ya enunciado de seguir fomentando la pr\u00e1ctica de la pelota paleta es que vemos la necesidad de la construcci\u00f3n de un front\u00f3n abierto.<\/p>\t\t\t\t\t\t\t\t<\/div>\n\t\t\t\t<\/div>\n\t\t\t\t\t<\/div>\n\t\t<\/div>\n\t\t\t\t<div class=\"elementor-column elementor-col-50 elementor-top-column elementor-element elementor-element-e5fdae0\" data-id=\"e5fdae0\" data-element_type=\"column\" data-e-type=\"column\">\n\t\t\t<div class=\"elementor-widget-wrap elementor-element-populated\">\n\t\t\t\t\t\t<div class=\"elementor-element elementor-element-96b5b53 elementor-widget elementor-widget-image\" data-id=\"96b5b53\" data-element_type=\"widget\" data-e-type=\"widget\" data-widget_type=\"image.default\">\n\t\t\t\t<div class=\"elementor-widget-container\">\n\t\t\t\t\t\t\t\t\t\t\t\t\t\t\t<img fetchpriority=\"high\" decoding=\"async\" width=\"1440\" height=\"2560\" src=\"https:\/\/www.tirofederalgchu.com\/web\/wp-content\/uploads\/2023\/06\/IMG_0803-scaled.jpg\" class=\"attachment-full size-full wp-image-708\" alt=\"\" srcset=\"https:\/\/www.tirofederalgchu.com\/web\/wp-content\/uploads\/2023\/06\/IMG_0803-scaled.jpg 1440w, https:\/\/www.tirofederalgchu.com\/web\/wp-content\/uploads\/2023\/06\/IMG_0803-169x300.jpg 169w, https:\/\/www.tirofederalgchu.com\/web\/wp-content\/uploads\/2023\/06\/IMG_0803-576x1024.jpg 576w, https:\/\/www.tirofederalgchu.com\/web\/wp-content\/uploads\/2023\/06\/IMG_0803-768x1365.jpg 768w, https:\/\/www.tirofederalgchu.com\/web\/wp-content\/uploads\/2023\/06\/IMG_0803-864x1536.jpg 864w, https:\/\/www.tirofederalgchu.com\/web\/wp-content\/uploads\/2023\/06\/IMG_0803-1152x2048.jpg 1152w, https:\/\/www.tirofederalgchu.com\/web\/wp-content\/uploads\/2023\/06\/IMG_0803-1320x2347.jpg 1320w, https:\/\/www.tirofederalgchu.com\/web\/wp-content\/uploads\/2023\/06\/IMG_0803-600x1067.jpg 600w\" sizes=\"(max-width: 1440px) 100vw, 1440px\" \/>\t\t\t\t\t\t\t\t\t\t\t\t\t\t\t<\/div>\n\t\t\t\t<\/div>\n\t\t\t\t\t<\/div>\n\t\t<\/div>\n\t\t\t\t\t<\/div>\n\t\t<\/section>\n\t\t\t\t<section class=\"elementor-section elementor-top-section elementor-element elementor-element-c0f748d elementor-section-boxed elementor-section-height-default elementor-section-height-default\" data-id=\"c0f748d\" data-element_type=\"section\" data-e-type=\"section\">\n\t\t\t\t\t\t<div class=\"elementor-container elementor-column-gap-default\">\n\t\t\t\t\t<div class=\"elementor-column elementor-col-100 elementor-top-column elementor-element elementor-element-5134718\" data-id=\"5134718\" data-element_type=\"column\" data-e-type=\"column\">\n\t\t\t<div class=\"elementor-widget-wrap elementor-element-populated\">\n\t\t\t\t\t\t<div class=\"elementor-element elementor-element-5d138f2 elementor-widget elementor-widget-gallery\" data-id=\"5d138f2\" data-element_type=\"widget\" data-e-type=\"widget\" data-settings=\"{&quot;lazyload&quot;:&quot;yes&quot;,&quot;gallery_layout&quot;:&quot;grid&quot;,&quot;columns&quot;:4,&quot;columns_tablet&quot;:2,&quot;columns_mobile&quot;:1,&quot;gap&quot;:{&quot;unit&quot;:&quot;px&quot;,&quot;size&quot;:10,&quot;sizes&quot;:[]},&quot;gap_tablet&quot;:{&quot;unit&quot;:&quot;px&quot;,&quot;size&quot;:10,&quot;sizes&quot;:[]},&quot;gap_mobile&quot;:{&quot;unit&quot;:&quot;px&quot;,&quot;size&quot;:10,&quot;sizes&quot;:[]},&quot;link_to&quot;:&quot;file&quot;,&quot;aspect_ratio&quot;:&quot;3:2&quot;,&quot;overlay_background&quot;:&quot;yes&quot;,&quot;content_hover_animation&quot;:&quot;fade-in&quot;}\" data-widget_type=\"gallery.default\">\n\t\t\t\t<div class=\"elementor-widget-container\">\n\t\t\t\t\t\t\t<div class=\"elementor-gallery__container\">\n\t\t\t\t\t\t\t<a class=\"e-gallery-item elementor-gallery-item elementor-animated-content\" href=\"https:\/\/www.tirofederalgchu.com\/web\/wp-content\/uploads\/2023\/06\/IMG_1363-scaled.jpg\" data-elementor-open-lightbox=\"yes\" data-elementor-lightbox-slideshow=\"5d138f2\" data-elementor-lightbox-title=\"IMG_1363\" data-e-action-hash=\"#elementor-action%3Aaction%3Dlightbox%26settings%3DeyJpZCI6NzE0LCJ1cmwiOiJodHRwczpcL1wvd3d3LnRpcm9mZWRlcmFsZ2NodS5jb21cL3dlYlwvd3AtY29udGVudFwvdXBsb2Fkc1wvMjAyM1wvMDZcL0lNR18xMzYzLXNjYWxlZC5qcGciLCJzbGlkZXNob3ciOiI1ZDEzOGYyIn0%3D\">\n\t\t\t\t\t<div class=\"e-gallery-image elementor-gallery-item__image\" data-thumbnail=\"https:\/\/www.tirofederalgchu.com\/web\/wp-content\/uploads\/2023\/06\/IMG_1363-225x300.jpg\" data-width=\"225\" data-height=\"300\" aria-label=\"\" role=\"img\" ><\/div>\n\t\t\t\t\t\t\t\t\t\t\t<div class=\"elementor-gallery-item__overlay\"><\/div>\n\t\t\t\t\t\t\t\t\t\t\t\t\t\t<\/a>\n\t\t\t\t\t\t\t<a class=\"e-gallery-item elementor-gallery-item elementor-animated-content\" href=\"https:\/\/www.tirofederalgchu.com\/web\/wp-content\/uploads\/2023\/06\/IMG_1605.png\" data-elementor-open-lightbox=\"yes\" data-elementor-lightbox-slideshow=\"5d138f2\" data-elementor-lightbox-title=\"IMG_1605\" data-e-action-hash=\"#elementor-action%3Aaction%3Dlightbox%26settings%3DeyJpZCI6NzEyLCJ1cmwiOiJodHRwczpcL1wvd3d3LnRpcm9mZWRlcmFsZ2NodS5jb21cL3dlYlwvd3AtY29udGVudFwvdXBsb2Fkc1wvMjAyM1wvMDZcL0lNR18xNjA1LnBuZyIsInNsaWRlc2hvdyI6IjVkMTM4ZjIifQ%3D%3D\">\n\t\t\t\t\t<div class=\"e-gallery-image elementor-gallery-item__image\" data-thumbnail=\"https:\/\/www.tirofederalgchu.com\/web\/wp-content\/uploads\/2023\/06\/IMG_1605-139x300.png\" data-width=\"139\" data-height=\"300\" aria-label=\"\" role=\"img\" ><\/div>\n\t\t\t\t\t\t\t\t\t\t\t<div class=\"elementor-gallery-item__overlay\"><\/div>\n\t\t\t\t\t\t\t\t\t\t\t\t\t\t<\/a>\n\t\t\t\t\t\t\t<a class=\"e-gallery-item elementor-gallery-item elementor-animated-content\" href=\"https:\/\/www.tirofederalgchu.com\/web\/wp-content\/uploads\/2023\/06\/IMG_0798-scaled.jpg\" data-elementor-open-lightbox=\"yes\" data-elementor-lightbox-slideshow=\"5d138f2\" data-elementor-lightbox-title=\"IMG_0798\" data-e-action-hash=\"#elementor-action%3Aaction%3Dlightbox%26settings%3DeyJpZCI6NzExLCJ1cmwiOiJodHRwczpcL1wvd3d3LnRpcm9mZWRlcmFsZ2NodS5jb21cL3dlYlwvd3AtY29udGVudFwvdXBsb2Fkc1wvMjAyM1wvMDZcL0lNR18wNzk4LXNjYWxlZC5qcGciLCJzbGlkZXNob3ciOiI1ZDEzOGYyIn0%3D\">\n\t\t\t\t\t<div class=\"e-gallery-image elementor-gallery-item__image\" data-thumbnail=\"https:\/\/www.tirofederalgchu.com\/web\/wp-content\/uploads\/2023\/06\/IMG_0798-169x300.jpg\" data-width=\"169\" data-height=\"300\" aria-label=\"\" role=\"img\" ><\/div>\n\t\t\t\t\t\t\t\t\t\t\t<div class=\"elementor-gallery-item__overlay\"><\/div>\n\t\t\t\t\t\t\t\t\t\t\t\t\t\t<\/a>\n\t\t\t\t\t\t\t<a class=\"e-gallery-item elementor-gallery-item elementor-animated-content\" href=\"https:\/\/www.tirofederalgchu.com\/web\/wp-content\/uploads\/2023\/06\/IMG_0802-scaled.jpg\" data-elementor-open-lightbox=\"yes\" data-elementor-lightbox-slideshow=\"5d138f2\" data-elementor-lightbox-title=\"IMG_0802\" data-e-action-hash=\"#elementor-action%3Aaction%3Dlightbox%26settings%3DeyJpZCI6NzA5LCJ1cmwiOiJodHRwczpcL1wvd3d3LnRpcm9mZWRlcmFsZ2NodS5jb21cL3dlYlwvd3AtY29udGVudFwvdXBsb2Fkc1wvMjAyM1wvMDZcL0lNR18wODAyLXNjYWxlZC5qcGciLCJzbGlkZXNob3ciOiI1ZDEzOGYyIn0%3D\">\n\t\t\t\t\t<div class=\"e-gallery-image elementor-gallery-item__image\" data-thumbnail=\"https:\/\/www.tirofederalgchu.com\/web\/wp-content\/uploads\/2023\/06\/IMG_0802-169x300.jpg\" data-width=\"169\" data-height=\"300\" aria-label=\"\" role=\"img\" ><\/div>\n\t\t\t\t\t\t\t\t\t\t\t<div class=\"elementor-gallery-item__overlay\"><\/div>\n\t\t\t\t\t\t\t\t\t\t\t\t\t\t<\/a>\n\t\t\t\t\t<\/div>\n\t\t\t\t\t<\/div>\n\t\t\t\t<\/div>\n\t\t\t\t\t<\/div>\n\t\t<\/div>\n\t\t\t\t\t<\/div>\n\t\t<\/section>\n\t\t\t\t<\/div>\n\t\t","protected":false},"excerpt":{"rendered":"<p>pelota paleta pelota paleta En 1941 se construye la cancha de Pelota Paleta, y en 1943 se inicia seriamente este deporte, con gran actividad y participando como instituci\u00f3n en numerosas fechas a nivel entrerriano y nacional, y siendo sede de torneos, de los cuales entre los m\u00e1s destacados podemos mencionar que en 2009\u00a0 se jug\u00f3 [&hellip;]<\/p>\n","protected":false},"author":1,"featured_media":0,"parent":0,"menu_order":0,"comment_status":"closed","ping_status":"closed","template":"","meta":{"site-sidebar-layout":"no-sidebar","site-content-layout":"page-builder","ast-site-content-layout":"default","site-content-style":"default","site-sidebar-style":"default","ast-global-header-display":"","ast-banner-title-visibility":"","ast-main-header-display":"","ast-hfb-above-header-display":"","ast-hfb-below-header-display":"","ast-hfb-mobile-header-display":"","site-post-title":"disabled","ast-breadcrumbs-content":"","ast-featured-img":"disabled","footer-sml-layout":"","theme-transparent-header-meta":"enabled","adv-header-id-meta":"","stick-header-meta":"","header-above-stick-meta":"","header-main-stick-meta":"","header-below-stick-meta":"","astra-migrate-meta-layouts":"default","ast-page-background-enabled":"default","ast-page-background-meta":{"desktop":{"background-color":"","background-image":"","background-repeat":"repeat","background-position":"center center","background-size":"auto","background-attachment":"scroll","background-type":"","background-media":"","overlay-type":"","overlay-color":"","overlay-opacity":"","overlay-gradient":""},"tablet":{"background-color":"","background-image":"","background-repeat":"repeat","background-position":"center center","background-size":"auto","background-attachment":"scroll","background-type":"","background-media":"","overlay-type":"","overlay-color":"","overlay-opacity":"","overlay-gradient":""},"mobile":{"background-color":"","background-image":"","background-repeat":"repeat","background-position":"center center","background-size":"auto","background-attachment":"scroll","background-type":"","background-media":"","overlay-type":"","overlay-color":"","overlay-opacity":"","overlay-gradient":""}},"ast-content-background-meta":{"desktop":{"background-color":"var(--ast-global-color-5)","background-image":"","background-repeat":"repeat","background-position":"center center","background-size":"auto","background-attachment":"scroll","background-type":"","background-media":"","overlay-type":"","overlay-color":"","overlay-opacity":"","overlay-gradient":""},"tablet":{"background-color":"var(--ast-global-color-5)","background-image":"","background-repeat":"repeat","background-position":"center center","background-size":"auto","background-attachment":"scroll","background-type":"","background-media":"","overlay-type":"","overlay-color":"","overlay-opacity":"","overlay-gradient":""},"mobile":{"background-color":"var(--ast-global-color-5)","background-image":"","background-repeat":"repeat","background-position":"center center","background-size":"auto","background-attachment":"scroll","background-type":"","background-media":"","overlay-type":"","overlay-color":"","overlay-opacity":"","overlay-gradient":""}},"footnotes":""},"class_list":["post-707","page","type-page","status-publish","hentry"],"_links":{"self":[{"href":"https:\/\/www.tirofederalgchu.com\/web\/wp-json\/wp\/v2\/pages\/707","targetHints":{"allow":["GET"]}}],"collection":[{"href":"https:\/\/www.tirofederalgchu.com\/web\/wp-json\/wp\/v2\/pages"}],"about":[{"href":"https:\/\/www.tirofederalgchu.com\/web\/wp-json\/wp\/v2\/types\/page"}],"author":[{"embeddable":true,"href":"https:\/\/www.tirofederalgchu.com\/web\/wp-json\/wp\/v2\/users\/1"}],"replies":[{"embeddable":true,"href":"https:\/\/www.tirofederalgchu.com\/web\/wp-json\/wp\/v2\/comments?post=707"}],"version-history":[{"count":3,"href":"https:\/\/www.tirofederalgchu.com\/web\/wp-json\/wp\/v2\/pages\/707\/revisions"}],"predecessor-version":[{"id":717,"href":"https:\/\/www.tirofederalgchu.com\/web\/wp-json\/wp\/v2\/pages\/707\/revisions\/717"}],"wp:attachment":[{"href":"https:\/\/www.tirofederalgchu.com\/web\/wp-json\/wp\/v2\/media?parent=707"}],"curies":[{"name":"wp","href":"https:\/\/api.w.org\/{rel}","templated":true}]}}